{"id":1497,"date":"2018-05-30T13:09:59","date_gmt":"2018-05-30T13:09:59","guid":{"rendered":"https:\/\/asociatiablockchain.ro\/implica-te\/"},"modified":"2018-05-30T13:10:01","modified_gmt":"2018-05-30T13:10:01","slug":"implica-te","status":"publish","type":"page","link":"https:\/\/asociatiablockchain.ro\/hu\/implica-te\/","title":{"rendered":"Implica-te"},"content":{"rendered":"\t\t<div data-elementor-type=\"wp-post\" data-elementor-id=\"1497\" class=\"elementor elementor-1497 elementor-767 elementor-bc-flex-widget\" data-elementor-post-type=\"page\">\n\t\t\t\t\t\t<section class=\"elementor-section elementor-top-section elementor-element elementor-element-6818b2db elementor-section-height-min-height elementor-section-boxed elementor-section-height-default elementor-section-items-middle\" data-id=\"6818b2db\" data-element_type=\"section\" data-settings=\"{&quot;background_background&quot;:&quot;classic&quot;}\">\n\t\t\t\t\t\t\t<div class=\"elementor-background-overlay\"><\/div>\n\t\t\t\t\t\t\t<div class=\"elementor-container elementor-column-gap-default\">\n\t\t\t\t\t<div class=\"elementor-column elementor-col-100 elementor-top-column elementor-element elementor-element-6440e13e\" data-id=\"6440e13e\" data-element_type=\"column\">\n\t\t\t<div class=\"elementor-widget-wrap elementor-element-populated\">\n\t\t\t\t\t\t<div class=\"elementor-element elementor-element-76c1122b elementor-widget elementor-widget-heading\" data-id=\"76c1122b\" data-element_type=\"widget\" data-widget_type=\"heading.default\">\n\t\t\t\t\t<h2 class=\"elementor-heading-title elementor-size-default\">Implic\u0103-te &amp; al\u0103tur\u0103-te Asocia\u021biei<\/h2>\t\t\t\t<\/div>\n\t\t\t\t\t<\/div>\n\t\t<\/div>\n\t\t\t\t\t<\/div>\n\t\t<\/section>\n\t\t\t\t<section class=\"elementor-section elementor-top-section elementor-element elementor-element-2b02a7d elementor-section-boxed elementor-section-height-default elementor-section-height-default\" data-id=\"2b02a7d\" data-element_type=\"section\" id=\"1\" data-settings=\"{&quot;background_background&quot;:&quot;classic&quot;}\">\n\t\t\t\t\t\t<div class=\"elementor-container elementor-column-gap-default\">\n\t\t\t\t\t<div class=\"elementor-column elementor-col-100 elementor-top-column elementor-element elementor-element-7fba1de1\" data-id=\"7fba1de1\" data-element_type=\"column\" data-settings=\"{&quot;background_background&quot;:&quot;classic&quot;}\">\n\t\t\t<div class=\"elementor-widget-wrap elementor-element-populated\">\n\t\t\t\t\t\t<div class=\"elementor-element elementor-element-da2be76 elementor-widget elementor-widget-text-editor\" data-id=\"da2be76\" data-element_type=\"widget\" data-widget_type=\"text-editor.default\">\n\t\t\t\t\t\t\t\t\t<p>Centre, incubatoare \u0219i grupuri locale de Blockchain<\/p>\n\t\t\t\t\t\t\t\t<\/div>\n\t\t\t\t<section class=\"elementor-section elementor-inner-section elementor-element elementor-element-5cf210b8 elementor-section-boxed elementor-section-height-default elementor-section-height-default\" data-id=\"5cf210b8\" data-element_type=\"section\">\n\t\t\t\t\t\t<div class=\"elementor-container elementor-column-gap-default\">\n\t\t\t\t\t<div class=\"elementor-column elementor-col-33 elementor-inner-column elementor-element elementor-element-20a48262\" data-id=\"20a48262\" data-element_type=\"column\">\n\t\t\t<div class=\"elementor-widget-wrap elementor-element-populated\">\n\t\t\t\t\t\t<div class=\"elementor-element elementor-element-cccf98f elementor-widget elementor-widget-text-editor\" data-id=\"cccf98f\" data-element_type=\"widget\" data-widget_type=\"text-editor.default\">\n\t\t\t\t\t\t\t\t\t<p><strong>Timi\u0219oara<br \/>\n<\/strong>\u00een cur\u00e2nd<\/p>\n\t\t\t\t\t\t\t\t<\/div>\n\t\t\t\t\t<\/div>\n\t\t<\/div>\n\t\t\t\t<div class=\"elementor-column elementor-col-33 elementor-inner-column elementor-element elementor-element-cd37c86\" data-id=\"cd37c86\" data-element_type=\"column\">\n\t\t\t<div class=\"elementor-widget-wrap elementor-element-populated\">\n\t\t\t\t\t\t<div class=\"elementor-element elementor-element-8cdd039 elementor-widget elementor-widget-text-editor\" data-id=\"8cdd039\" data-element_type=\"widget\" data-widget_type=\"text-editor.default\">\n\t\t\t\t\t\t\t\t\t<p><strong>Cluj Napoca<br \/>\n<\/strong>\u00cen cur\u00e2nd<\/p>\n\t\t\t\t\t\t\t\t<\/div>\n\t\t\t\t\t<\/div>\n\t\t<\/div>\n\t\t\t\t<div class=\"elementor-column elementor-col-33 elementor-inner-column elementor-element elementor-element-1b9e0596\" data-id=\"1b9e0596\" data-element_type=\"column\">\n\t\t\t<div class=\"elementor-widget-wrap elementor-element-populated\">\n\t\t\t\t\t\t<div class=\"elementor-element elementor-element-9b72b30 elementor-widget elementor-widget-text-editor\" data-id=\"9b72b30\" data-element_type=\"widget\" data-widget_type=\"text-editor.default\">\n\t\t\t\t\t\t\t\t\t<p><strong>Bucure\u0219ti<br \/>\n<\/strong>\u00cen cur\u00e2nd<\/p>\n\t\t\t\t\t\t\t\t<\/div>\n\t\t\t\t\t<\/div>\n\t\t<\/div>\n\t\t\t\t\t<\/div>\n\t\t<\/section>\n\t\t\t\t\t<\/div>\n\t\t<\/div>\n\t\t\t\t\t<\/div>\n\t\t<\/section>\n\t\t\t\t<section class=\"elementor-section elementor-top-section elementor-element elementor-element-636d13b elementor-section-boxed elementor-section-height-default elementor-section-height-default\" data-id=\"636d13b\" data-element_type=\"section\" id=\"2\" data-settings=\"{&quot;background_background&quot;:&quot;classic&quot;}\">\n\t\t\t\t\t\t<div class=\"elementor-container elementor-column-gap-default\">\n\t\t\t\t\t<div class=\"elementor-column elementor-col-100 elementor-top-column elementor-element elementor-element-4f8ad06\" data-id=\"4f8ad06\" data-element_type=\"column\" data-settings=\"{&quot;background_background&quot;:&quot;classic&quot;}\">\n\t\t\t<div class=\"elementor-widget-wrap elementor-element-populated\">\n\t\t\t\t\t\t<div class=\"elementor-element elementor-element-f3af5ff elementor-widget elementor-widget-text-editor\" data-id=\"f3af5ff\" data-element_type=\"widget\" data-widget_type=\"text-editor.default\">\n\t\t\t\t\t\t\t\t\t<p>Devino voluntar<\/p>\n\t\t\t\t\t\t\t\t<\/div>\n\t\t\t\t<div class=\"elementor-element elementor-element-15a9d52 elementor-button-align-stretch elementor-widget elementor-widget-form\" data-id=\"15a9d52\" data-element_type=\"widget\" data-settings=\"{&quot;button_width&quot;:&quot;100&quot;,&quot;step_next_label&quot;:&quot;K\\u00f6vetkez\\u0151&quot;,&quot;step_previous_label&quot;:&quot;El\\u0151z\\u0151&quot;,&quot;step_type&quot;:&quot;number_text&quot;,&quot;step_icon_shape&quot;:&quot;circle&quot;}\" data-widget_type=\"form.default\">\n\t\t\t\t\t\t\t<form class=\"elementor-form\" method=\"post\" name=\"New Form\">\n\t\t\t<input type=\"hidden\" name=\"post_id\" value=\"1497\"\/>\n\t\t\t<input type=\"hidden\" name=\"form_id\" value=\"15a9d52\"\/>\n\t\t\t<input type=\"hidden\" name=\"referer_title\" value=\"Implica-te - Asociatia Blockchain\" \/>\n\n\t\t\t\t\t\t\t<input type=\"hidden\" name=\"queried_id\" value=\"1497\"\/>\n\t\t\t\n\t\t\t<div class=\"elementor-form-fields-wrapper elementor-labels-above\">\n\t\t\t\t\t\t\t\t<div class=\"elementor-field-type-text elementor-field-group elementor-column elementor-field-group-name elementor-col-50\">\n\t\t\t\t\t\t\t\t\t\t\t\t<label for=\"form-field-name\" class=\"elementor-field-label\">\n\t\t\t\t\t\t\t\tNume\t\t\t\t\t\t\t<\/label>\n\t\t\t\t\t\t\t\t\t\t\t\t\t\t<input size=\"1\" type=\"text\" name=\"form_fields[name]\" id=\"form-field-name\" class=\"elementor-field elementor-size-sm  elementor-field-textual\" placeholder=\"Numele tau\">\n\t\t\t\t\t\t\t\t\t\t\t<\/div>\n\t\t\t\t\t\t\t\t<div class=\"elementor-field-type-email elementor-field-group elementor-column elementor-field-group-email elementor-col-50 elementor-field-required\">\n\t\t\t\t\t\t\t\t\t\t\t\t<label for=\"form-field-email\" class=\"elementor-field-label\">\n\t\t\t\t\t\t\t\tEmail\t\t\t\t\t\t\t<\/label>\n\t\t\t\t\t\t\t\t\t\t\t\t\t\t<input size=\"1\" type=\"email\" name=\"form_fields[email]\" id=\"form-field-email\" class=\"elementor-field elementor-size-sm  elementor-field-textual\" placeholder=\"Email\" required=\"required\">\n\t\t\t\t\t\t\t\t\t\t\t<\/div>\n\t\t\t\t\t\t\t\t<div class=\"elementor-field-type-checkbox elementor-field-group elementor-column elementor-field-group-field_1 elementor-col-100\">\n\t\t\t\t\t\t\t\t\t\t\t\t<label for=\"form-field-field_1\" class=\"elementor-field-label\">\n\t\t\t\t\t\t\t\tCe abilit\u0103\u021bi ai \u0219i cu cei ai putea contribui?\t\t\t\t\t\t\t<\/label>\n\t\t\t\t\t\t<div class=\"elementor-field-subgroup  elementor-subgroup-inline\"><span class=\"elementor-field-option\"><input type=\"checkbox\" value=\"Programez in Solidity\" id=\"form-field-field_1-0\" name=\"form_fields[field_1][]\"> <label for=\"form-field-field_1-0\">Programez in Solidity<\/label><\/span><span class=\"elementor-field-option\"><input type=\"checkbox\" value=\"Sunt Cryto veteran\" id=\"form-field-field_1-1\" name=\"form_fields[field_1][]\"> <label for=\"form-field-field_1-1\">Sunt Cryto veteran<\/label><\/span><span class=\"elementor-field-option\"><input type=\"checkbox\" value=\"Blogger\" id=\"form-field-field_1-2\" name=\"form_fields[field_1][]\"> <label for=\"form-field-field_1-2\">Blogger<\/label><\/span><span class=\"elementor-field-option\"><input type=\"checkbox\" value=\"Jurist\" id=\"form-field-field_1-3\" name=\"form_fields[field_1][]\"> <label for=\"form-field-field_1-3\">Jurist<\/label><\/span><span class=\"elementor-field-option\"><input type=\"checkbox\" value=\"Promovare media\" id=\"form-field-field_1-4\" name=\"form_fields[field_1][]\"> <label for=\"form-field-field_1-4\">Promovare media<\/label><\/span><\/div>\t\t\t\t<\/div>\n\t\t\t\t\t\t\t\t<div class=\"elementor-field-group elementor-column elementor-field-type-submit elementor-col-100 e-form__buttons\">\n\t\t\t\t\t<button class=\"elementor-button elementor-size-sm\" type=\"submit\">\n\t\t\t\t\t\t<span class=\"elementor-button-content-wrapper\">\n\t\t\t\t\t\t\t\t\t\t\t\t\t\t\t\t\t\t\t\t\t\t<span class=\"elementor-button-text\">Trimite formularul<\/span>\n\t\t\t\t\t\t\t\t\t\t\t\t\t<\/span>\n\t\t\t\t\t<\/button>\n\t\t\t\t<\/div>\n\t\t\t<\/div>\n\t\t<\/form>\n\t\t\t\t\t\t<\/div>\n\t\t\t\t\t<\/div>\n\t\t<\/div>\n\t\t\t\t\t<\/div>\n\t\t<\/section>\n\t\t\t\t<section class=\"elementor-section elementor-top-section elementor-element elementor-element-4370400 elementor-section-boxed elementor-section-height-default elementor-section-height-default\" data-id=\"4370400\" data-element_type=\"section\" id=\"3\" data-settings=\"{&quot;background_background&quot;:&quot;classic&quot;}\">\n\t\t\t\t\t\t<div class=\"elementor-container elementor-column-gap-default\">\n\t\t\t\t\t<div class=\"elementor-column elementor-col-100 elementor-top-column elementor-element elementor-element-7b2a928\" data-id=\"7b2a928\" data-element_type=\"column\" data-settings=\"{&quot;background_background&quot;:&quot;classic&quot;}\">\n\t\t\t<div class=\"elementor-widget-wrap elementor-element-populated\">\n\t\t\t\t\t\t<div class=\"elementor-element elementor-element-b8a1bf0 elementor-widget elementor-widget-text-editor\" data-id=\"b8a1bf0\" data-element_type=\"widget\" data-widget_type=\"text-editor.default\">\n\t\t\t\t\t\t\t\t\t<p>Devino membru al Asocia\u021biei Blockchain Romania<\/p>\n\t\t\t\t\t\t\t\t<\/div>\n\t\t\t\t<div class=\"elementor-element elementor-element-c5ed410 elementor-tabs-view-horizontal elementor-widget elementor-widget-tabs\" data-id=\"c5ed410\" data-element_type=\"widget\" data-widget_type=\"tabs.default\">\n\t\t\t\t\t\t\t<div class=\"elementor-tabs\">\n\t\t\t<div class=\"elementor-tabs-wrapper\" role=\"tablist\" >\n\t\t\t\t\t\t\t\t\t<div id=\"elementor-tab-title-2071\" class=\"elementor-tab-title elementor-tab-desktop-title\" aria-selected=\"true\" data-tab=\"1\" role=\"tab\" tabindex=\"0\" aria-controls=\"elementor-tab-content-2071\" aria-expanded=\"false\">Persoana Fizic\u0103 ?<\/div>\n\t\t\t\t\t\t\t\t\t<div id=\"elementor-tab-title-2072\" class=\"elementor-tab-title elementor-tab-desktop-title\" aria-selected=\"false\" data-tab=\"2\" role=\"tab\" tabindex=\"-1\" aria-controls=\"elementor-tab-content-2072\" aria-expanded=\"false\">Persoan\u0103 Juridic\u0103 ? <\/div>\n\t\t\t\t\t\t\t<\/div>\n\t\t\t<div class=\"elementor-tabs-content-wrapper\" role=\"tablist\" aria-orientation=\"vertical\">\n\t\t\t\t\t\t\t\t\t<div class=\"elementor-tab-title elementor-tab-mobile-title\" aria-selected=\"true\" data-tab=\"1\" role=\"tab\" tabindex=\"0\" aria-controls=\"elementor-tab-content-2071\" aria-expanded=\"false\">Persoana Fizic\u0103 ?<\/div>\n\t\t\t\t\t<div id=\"elementor-tab-content-2071\" class=\"elementor-tab-content elementor-clearfix\" data-tab=\"1\" role=\"tabpanel\" aria-labelledby=\"elementor-tab-title-2071\" tabindex=\"0\" hidden=\"false\"><p><b>1.<\/b> Descarc\u0103, listeaz\u0103, completeaz\u0103 \u0219i semneaz\u0103 <a href=\"http:\/\/asociatiablockchain.ro\/wp-content\/uploads\/2018\/05\/Formular-Adeziune-individ.pdf\"><span style=\"text-decoration: underline;\"><strong><em>Formularul de Adeziune<\/em><\/strong><\/span><\/a>\u00a0pentru persoane fizice aleg\u00e2nd una din cele 3 variante ale taxei de membru cu care vei dori s\u0103 contribui \u00een calitate de membru al Asocia\u021biei.<\/p>\n<p><b>2.<\/b> Trimite-ne Formularul de Adeziune completat \u0219i semnat \u00eempreun\u0103 cu un copia\/poza unui act de identitate al t\u0103u prin e-mail la <b><img decoding=\"async\" class=\"alignnone size-full wp-image-1353\" title=\"\" src=\"http:\/\/asociatiablockchain.ro\/wp-content\/uploads\/2018\/05\/mail_depunere.png\" alt=\"\" width=\"224\" height=\"18\" \/><\/b>\u00a0sau prin po\u0219t\u0103 la biroul din <strong>Timi\u0219oara, str.Gheorghe Doja nr.11<\/strong>, cod postal <strong>300196<br \/>\n<\/strong><\/p>\n<p><b>3.<\/b> F\u0103 prima plat\u0103 a <strong>taxei de membru<\/strong> \u00een cel mult <strong>7 zile<\/strong> de la semnare c\u0103tre unul din conturile de mai jos:<\/p>\n<div><i>Date fiscale:<\/i><b><i> <\/i>ASOCIATIA BLOCKCHAIN ROMANIA<\/b><i><br \/>\n<\/i><\/div>\n<div><i>Cod fiscal (CUI):\u00a0<\/i><strong>39005046<\/strong><i><br \/>\n<\/i><\/div>\n<div>\n<div>Cont bancar RON: <b>RO81 BACX 0000 0016 6543 9001<\/b> &#8211; Unicredit Bank<br \/>\nPayPal: &#8211;<br \/>\nBTC: <b>3KXtcCbZX7Rb81mMEnSCgZakThfSDzdCwr<\/b><br \/>\nETH: <b>0x7f0256D80b1d262cb66aF342763d89F981321BEd<\/b><\/div>\n<div><\/div>\n<\/div>\n<\/div>\n\t\t\t\t\t\t\t\t\t<div class=\"elementor-tab-title elementor-tab-mobile-title\" aria-selected=\"false\" data-tab=\"2\" role=\"tab\" tabindex=\"-1\" aria-controls=\"elementor-tab-content-2072\" aria-expanded=\"false\">Persoan\u0103 Juridic\u0103 ? <\/div>\n\t\t\t\t\t<div id=\"elementor-tab-content-2072\" class=\"elementor-tab-content elementor-clearfix\" data-tab=\"2\" role=\"tabpanel\" aria-labelledby=\"elementor-tab-title-2072\" tabindex=\"0\" hidden=\"hidden\"><p><strong>Reprezin\u021bi o Societate, Asocia\u021bie, Organiza\u021bie?<\/strong><\/p>\n<p><b>1. <\/b>Descarc\u0103, listeaz\u0103, completeaz\u0103 \u0219i semneaz\u0103 <i><span style=\"text-decoration: underline;\"><strong><a href=\"http:\/\/asociatiablockchain.ro\/wp-content\/uploads\/2018\/05\/Formular-Adeziune-org.pdf\">Formularul de Adeziune<\/a><\/strong><\/span><\/i> pentru asocia\u021bii aleg\u00e2nd una din cele 3 variante ale taxei de membru cu care aceasta va contribui Asocia\u021biei \u00een calitate de membru.<\/p>\n<p><b>2. <\/b>Trimite-ne Formularul de Adeziune completat, semnat \u0219i \u0219tampilat \u00eempreun\u0103 cu un copia\/poza unui act de identitate al reprezentatului societ\u0103\u021bii prin e-mail la <strong><img decoding=\"async\" class=\"alignnone size-full wp-image-1353\" title=\"\" src=\"http:\/\/asociatiablockchain.ro\/wp-content\/uploads\/2018\/05\/mail_depunere.png\" alt=\"\" width=\"224\" height=\"18\" \/><\/strong> sau prin po\u0219t\u0103 la biroul din <strong>Timi\u0219oara, str.Gheorghe Doja nr.11<\/strong>, cod postal <strong>300196<br \/>\n<\/strong><\/p>\n<p><b>3.<\/b> Face\u021bi prima plat\u0103 a <strong>taxei de membru<\/strong> \u00een cel mult <strong>7 zile<\/strong> de la semnare, c\u0103tre unul din conturile:<\/p>\n<p><i>Date fiscale:<\/i><b><i> <\/i>ASOCIATIA BLOCKCHAIN ROMANIA<\/b><i><br \/>\nCod fiscal (CUI):\u00a0<\/i><strong>39005046<\/strong><br \/>\nCont bancar RON: <b>RO81 BACX 0000 0016 6543 9001<\/b> &#8211; Unicredit Bank<br \/>\nPayPal: &#8211;<br \/>\nBTC: <b>3KXtcCbZX7Rb81mMEnSCgZakThfSDzdCwr<\/b><br \/>\nETH: <b>0x7f0256D80b1d262cb66aF342763d89F981321BEd<\/b><\/p>\n<p>&nbsp;<\/p>\n<\/div>\n\t\t\t\t\t\t\t<\/div>\n\t\t<\/div>\n\t\t\t\t\t\t<\/div>\n\t\t\t\t\t<\/div>\n\t\t<\/div>\n\t\t\t\t\t<\/div>\n\t\t<\/section>\n\t\t\t\t<section class=\"elementor-section elementor-top-section elementor-element elementor-element-6e650aa9 elementor-section-boxed elementor-section-height-default elementor-section-height-default\" data-id=\"6e650aa9\" data-element_type=\"section\" data-settings=\"{&quot;background_background&quot;:&quot;classic&quot;}\">\n\t\t\t\t\t\t<div class=\"elementor-container elementor-column-gap-default\">\n\t\t\t\t\t<div class=\"elementor-column elementor-col-100 elementor-top-column elementor-element elementor-element-6f1f9ec7\" data-id=\"6f1f9ec7\" data-element_type=\"column\" data-settings=\"{&quot;background_background&quot;:&quot;classic&quot;}\">\n\t\t\t<div class=\"elementor-widget-wrap elementor-element-populated\">\n\t\t\t\t\t\t<div class=\"elementor-element elementor-element-631c5ef7 elementor-widget elementor-widget-heading\" data-id=\"631c5ef7\" data-element_type=\"widget\" data-widget_type=\"heading.default\">\n\t\t\t\t\t<h3 class=\"elementor-heading-title elementor-size-default\">Parteneri <\/h3>\t\t\t\t<\/div>\n\t\t\t\t<div class=\"elementor-element elementor-element-19c7c612 elementor-widget elementor-widget-text-editor\" data-id=\"19c7c612\" data-element_type=\"widget\" data-widget_type=\"text-editor.default\">\n\t\t\t\t\t\t\t\t\t<p>Companii, institu\u021bii, re\u021bele \u0219i ONG-uri partenere ale Asocia\u021biei Blockchain Rom\u00e2nia<\/p>\n\t\t\t\t\t\t\t\t<\/div>\n\t\t\t\t<div class=\"elementor-element elementor-element-479e65e8 elementor-skin-carousel elementor-pagination-type-bullets elementor-pagination-position-outside elementor-widget elementor-widget-media-carousel\" data-id=\"479e65e8\" data-element_type=\"widget\" data-settings=\"{&quot;slides_per_view&quot;:&quot;6&quot;,&quot;slides_to_scroll&quot;:&quot;1&quot;,&quot;skin&quot;:&quot;carousel&quot;,&quot;effect&quot;:&quot;slide&quot;,&quot;pagination&quot;:&quot;bullets&quot;,&quot;speed&quot;:500,&quot;autoplay&quot;:&quot;yes&quot;,&quot;autoplay_speed&quot;:5000,&quot;loop&quot;:&quot;yes&quot;,&quot;pause_on_hover&quot;:&quot;yes&quot;,&quot;pause_on_interaction&quot;:&quot;yes&quot;,&quot;space_between&quot;:{&quot;unit&quot;:&quot;px&quot;,&quot;size&quot;:10,&quot;sizes&quot;:[]},&quot;space_between_tablet&quot;:{&quot;unit&quot;:&quot;px&quot;,&quot;size&quot;:10,&quot;sizes&quot;:[]},&quot;space_between_mobile&quot;:{&quot;unit&quot;:&quot;px&quot;,&quot;size&quot;:10,&quot;sizes&quot;:[]}}\" data-widget_type=\"media-carousel.default\">\n\t\t\t\t\t\t\t\t\t\t<div class=\"elementor-main-swiper swiper\" role=\"region\" aria-roledescription=\"carousel\" aria-label=\"Di\u00e1k\">\n\t\t\t\t<div class=\"swiper-wrapper\">\n\t\t\t\t\t\t\t\t\t\t\t<div class=\"swiper-slide\" role=\"group\" aria-roledescription=\"slide\">\n\t\t\t\t\t\t\t<a href=\"https:\/\/restartenergy.ro\" target=\"_blank\">\t\t<div class=\"elementor-carousel-image\" role=\"img\" aria-label=\"13227198_1595222790791044_6607667996902664020_n\" style=\"background-image: url(&#039;https:\/\/asociatiablockchain.ro\/wp-content\/uploads\/2018\/05\/13227198_1595222790791044_6607667996902664020_n.png&#039;)\">\n\n\t\t\t\n\t\t\t\t\t<\/div>\n\t\t<\/a>\t\t\t\t\t\t<\/div>\n\t\t\t\t\t\t\t\t\t\t\t<div class=\"swiper-slide\" role=\"group\" aria-roledescription=\"slide\">\n\t\t\t\t\t\t\t<a href=\"http:\/\/www.gng-bc.com\" target=\"_blank\">\t\t<div class=\"elementor-carousel-image\" role=\"img\" aria-label=\"gng\" style=\"background-image: url(&#039;https:\/\/asociatiablockchain.ro\/wp-content\/uploads\/2018\/05\/gng.png&#039;)\">\n\n\t\t\t\n\t\t\t\t\t<\/div>\n\t\t<\/a>\t\t\t\t\t\t<\/div>\n\t\t\t\t\t\t\t\t\t\t\t<div class=\"swiper-slide\" role=\"group\" aria-roledescription=\"slide\">\n\t\t\t\t\t\t\t<a href=\"https:\/\/www.rau.ro\" target=\"_blank\">\t\t<div class=\"elementor-carousel-image\" role=\"img\" aria-label=\"19702240_1472981416092672_7524411354158620527_n\" style=\"background-image: url(&#039;https:\/\/asociatiablockchain.ro\/wp-content\/uploads\/2018\/05\/19702240_1472981416092672_7524411354158620527_n.png&#039;)\">\n\n\t\t\t\n\t\t\t\t\t<\/div>\n\t\t<\/a>\t\t\t\t\t\t<\/div>\n\t\t\t\t\t\t\t\t\t\t\t<div class=\"swiper-slide\" role=\"group\" aria-roledescription=\"slide\">\n\t\t\t\t\t\t\t<a href=\"http:\/\/www.rbx.ro\/\" target=\"_blank\">\t\t<div class=\"elementor-carousel-image\" role=\"img\" aria-label=\"logoent\" style=\"background-image: url(&#039;https:\/\/asociatiablockchain.ro\/wp-content\/uploads\/2018\/05\/logoent.png&#039;)\">\n\n\t\t\t\n\t\t\t\t\t<\/div>\n\t\t<\/a>\t\t\t\t\t\t<\/div>\n\t\t\t\t\t\t\t\t\t\t\t<div class=\"swiper-slide\" role=\"group\" aria-roledescription=\"slide\">\n\t\t\t\t\t\t\t<a href=\"https:\/\/www.smartalliance.ro\" target=\"_blank\">\t\t<div class=\"elementor-carousel-image\" role=\"img\" aria-label=\"12311045_938259459557191_3762590514299070682_n\" style=\"background-image: url(&#039;https:\/\/asociatiablockchain.ro\/wp-content\/uploads\/2018\/05\/12311045_938259459557191_3762590514299070682_n.jpg&#039;)\">\n\n\t\t\t\n\t\t\t\t\t<\/div>\n\t\t<\/a>\t\t\t\t\t\t<\/div>\n\t\t\t\t\t\t\t\t\t\t\t<div class=\"swiper-slide\" role=\"group\" aria-roledescription=\"slide\">\n\t\t\t\t\t\t\t<a href=\"https:\/\/webdollar.io\" target=\"_blank\">\t\t<div class=\"elementor-carousel-image\" role=\"img\" aria-label=\"logo-coin\" style=\"background-image: url(&#039;https:\/\/asociatiablockchain.ro\/wp-content\/uploads\/2018\/05\/logo-coin.png&#039;)\">\n\n\t\t\t\n\t\t\t\t\t<\/div>\n\t\t<\/a>\t\t\t\t\t\t<\/div>\n\t\t\t\t\t\t\t\t\t<\/div>\n\t\t\t\t\t\t\t\t\t\t\t\t\t\t\t\t\t\t\t\t<div class=\"swiper-pagination\"><\/div>\n\t\t\t\t\t\t\t\t\t\t\t\t<\/div>\n\t\t\t\t\t\t\t\t<\/div>\n\t\t\t\t\t<\/div>\n\t\t<\/div>\n\t\t\t\t\t<\/div>\n\t\t<\/section>\n\t\t\t\t<\/div>\n\t\t","protected":false},"excerpt":{"rendered":"<p>Implic\u0103-te &amp; al\u0103tur\u0103-te Asocia\u021biei Centre, incubatoare \u0219i grupuri locale de Blockchain Timi\u0219oara \u00een cur\u00e2nd Cluj Napoca \u00cen cur\u00e2nd Bucure\u0219ti \u00cen cur\u00e2nd Devino voluntar Devino membru al Asocia\u021biei Blockchain Romania Persoana Fizic\u0103 ? Persoan\u0103 Juridic\u0103 ? Persoana Fizic\u0103 ? 1. Descarc\u0103, listeaz\u0103, completeaz\u0103 \u0219i semneaz\u0103 Formularul de Adeziune\u00a0pentru persoane fizice aleg\u00e2nd una din cele 3 variante [&hellip;]<\/p>\n","protected":false},"author":1,"featured_media":0,"parent":0,"menu_order":0,"comment_status":"closed","ping_status":"closed","template":"","meta":{"site-sidebar-layout":"default","site-content-layout":"","ast-site-content-layout":"","site-content-style":"default","site-sidebar-style":"default","ast-global-header-display":"","ast-banner-title-visibility":"","ast-main-header-display":"","ast-hfb-above-header-display":"","ast-hfb-below-header-display":"","ast-hfb-mobile-header-display":"","site-post-title":"","ast-breadcrumbs-content":"","ast-featured-img":"","footer-sml-layout":"","theme-transparent-header-meta":"","adv-header-id-meta":"","stick-header-meta":"","header-above-stick-meta":"","header-main-stick-meta":"","header-below-stick-meta":"","astra-migrate-meta-layouts":"default","ast-page-background-enabled":"default","ast-page-background-meta":{"desktop":{"background-color":"var(--ast-global-color-4)","background-image":"","background-repeat":"repeat","background-position":"center center","background-size":"auto","background-attachment":"scroll","background-type":"","background-media":"","overlay-type":"","overlay-color":"","overlay-opacity":"","overlay-gradient":""},"tablet":{"background-color":"","background-image":"","background-repeat":"repeat","background-position":"center center","background-size":"auto","background-attachment":"scroll","background-type":"","background-media":"","overlay-type":"","overlay-color":"","overlay-opacity":"","overlay-gradient":""},"mobile":{"background-color":"","background-image":"","background-repeat":"repeat","background-position":"center center","background-size":"auto","background-attachment":"scroll","background-type":"","background-media":"","overlay-type":"","overlay-color":"","overlay-opacity":"","overlay-gradient":""}},"ast-content-background-meta":{"desktop":{"background-color":"var(--ast-global-color-5)","background-image":"","background-repeat":"repeat","background-position":"center center","background-size":"auto","background-attachment":"scroll","background-type":"","background-media":"","overlay-type":"","overlay-color":"","overlay-opacity":"","overlay-gradient":""},"tablet":{"background-color":"var(--ast-global-color-5)","background-image":"","background-repeat":"repeat","background-position":"center center","background-size":"auto","background-attachment":"scroll","background-type":"","background-media":"","overlay-type":"","overlay-color":"","overlay-opacity":"","overlay-gradient":""},"mobile":{"background-color":"var(--ast-global-color-5)","background-image":"","background-repeat":"repeat","background-position":"center center","background-size":"auto","background-attachment":"scroll","background-type":"","background-media":"","overlay-type":"","overlay-color":"","overlay-opacity":"","overlay-gradient":""}},"footnotes":""},"class_list":["post-1497","page","type-page","status-publish","hentry"],"_links":{"self":[{"href":"https:\/\/asociatiablockchain.ro\/hu\/wp-json\/wp\/v2\/pages\/1497","targetHints":{"allow":["GET"]}}],"collection":[{"href":"https:\/\/asociatiablockchain.ro\/hu\/wp-json\/wp\/v2\/pages"}],"about":[{"href":"https:\/\/asociatiablockchain.ro\/hu\/wp-json\/wp\/v2\/types\/page"}],"author":[{"embeddable":true,"href":"https:\/\/asociatiablockchain.ro\/hu\/wp-json\/wp\/v2\/users\/1"}],"replies":[{"embeddable":true,"href":"https:\/\/asociatiablockchain.ro\/hu\/wp-json\/wp\/v2\/comments?post=1497"}],"version-history":[{"count":0,"href":"https:\/\/asociatiablockchain.ro\/hu\/wp-json\/wp\/v2\/pages\/1497\/revisions"}],"wp:attachment":[{"href":"https:\/\/asociatiablockchain.ro\/hu\/wp-json\/wp\/v2\/media?parent=1497"}],"curies":[{"name":"wp","href":"https:\/\/api.w.org\/{rel}","templated":true}]}}