{"id":1481,"date":"2018-05-30T13:06:49","date_gmt":"2018-05-30T13:06:49","guid":{"rendered":"https:\/\/asociatiablockchain.ro\/tutoriale\/"},"modified":"2018-07-05T06:34:04","modified_gmt":"2018-07-05T06:34:04","slug":"tutoriale","status":"publish","type":"page","link":"https:\/\/asociatiablockchain.ro\/en\/tutoriale\/","title":{"rendered":"Tutoriale"},"content":{"rendered":"\t\t<div data-elementor-type=\"wp-post\" data-elementor-id=\"1481\" class=\"elementor elementor-1481 elementor-798 elementor-bc-flex-widget\" data-elementor-post-type=\"page\">\n\t\t\t\t\t\t<section class=\"elementor-section elementor-top-section elementor-element elementor-element-40a0ed8c elementor-section-height-min-height elementor-section-boxed elementor-section-height-default elementor-section-items-middle\" data-id=\"40a0ed8c\" data-element_type=\"section\" data-settings=\"{&quot;background_background&quot;:&quot;classic&quot;}\">\n\t\t\t\t\t\t\t<div class=\"elementor-background-overlay\"><\/div>\n\t\t\t\t\t\t\t<div class=\"elementor-container elementor-column-gap-default\">\n\t\t\t\t\t<div class=\"elementor-column elementor-col-100 elementor-top-column elementor-element elementor-element-1bd89ae1\" data-id=\"1bd89ae1\" data-element_type=\"column\">\n\t\t\t<div class=\"elementor-widget-wrap elementor-element-populated\">\n\t\t\t\t\t\t<div class=\"elementor-element elementor-element-56dd445f elementor-widget elementor-widget-heading\" data-id=\"56dd445f\" data-element_type=\"widget\" data-widget_type=\"heading.default\">\n\t\t\t\t\t<h2 class=\"elementor-heading-title elementor-size-default\">Tutorials, instructions, technical terms<\/h2>\t\t\t\t<\/div>\n\t\t\t\t\t<\/div>\n\t\t<\/div>\n\t\t\t\t\t<\/div>\n\t\t<\/section>\n\t\t\t\t<section class=\"elementor-section elementor-top-section elementor-element elementor-element-1af8f716 elementor-section-boxed elementor-section-height-default elementor-section-height-default\" data-id=\"1af8f716\" data-element_type=\"section\" id=\"retele\" data-settings=\"{&quot;background_background&quot;:&quot;classic&quot;}\">\n\t\t\t\t\t\t<div class=\"elementor-container elementor-column-gap-default\">\n\t\t\t\t\t<div class=\"elementor-column elementor-col-100 elementor-top-column elementor-element elementor-element-21a5d56b\" data-id=\"21a5d56b\" data-element_type=\"column\" data-settings=\"{&quot;background_background&quot;:&quot;classic&quot;}\">\n\t\t\t<div class=\"elementor-widget-wrap elementor-element-populated\">\n\t\t\t\t\t\t<div class=\"elementor-element elementor-element-8916d39 elementor-widget elementor-widget-text-editor\" data-id=\"8916d39\" data-element_type=\"widget\" data-widget_type=\"text-editor.default\">\n\t\t\t\t\t\t\t\t\t<p class=\"p1\"><span class=\"s1\"><span id=\"result_box\" class=\"\" lang=\"en\" tabindex=\"-1\"><span class=\"\">There are 3 types of network or group structures: centralized &#8211; decentralized &#8211; distributed<\/span><\/span><\/span><\/p>\t\t\t\t\t\t\t\t<\/div>\n\t\t\t\t<section class=\"elementor-section elementor-inner-section elementor-element elementor-element-88d3cda elementor-section-boxed elementor-section-height-default elementor-section-height-default\" data-id=\"88d3cda\" data-element_type=\"section\">\n\t\t\t\t\t\t<div class=\"elementor-container elementor-column-gap-default\">\n\t\t\t\t\t<div class=\"elementor-column elementor-col-33 elementor-inner-column elementor-element elementor-element-43ba901\" data-id=\"43ba901\" data-element_type=\"column\">\n\t\t\t<div class=\"elementor-widget-wrap elementor-element-populated\">\n\t\t\t\t\t\t<div class=\"elementor-element elementor-element-520e4af elementor-widget elementor-widget-image\" data-id=\"520e4af\" data-element_type=\"widget\" data-widget_type=\"image.default\">\n\t\t\t\t\t\t\t\t\t\t\t\t\t\t\t<img fetchpriority=\"high\" decoding=\"async\" width=\"980\" height=\"897\" src=\"https:\/\/asociatiablockchain.ro\/wp-content\/uploads\/2018\/05\/Asset-3.png\" class=\"attachment-large size-large wp-image-1820\" alt=\"\" srcset=\"https:\/\/asociatiablockchain.ro\/wp-content\/uploads\/2018\/05\/Asset-3.png 1000w, https:\/\/asociatiablockchain.ro\/wp-content\/uploads\/2018\/05\/Asset-3-300x275.png 300w, https:\/\/asociatiablockchain.ro\/wp-content\/uploads\/2018\/05\/Asset-3-768x703.png 768w\" sizes=\"(max-width: 980px) 100vw, 980px\" \/>\t\t\t\t\t\t\t\t\t\t\t\t\t\t\t<\/div>\n\t\t\t\t<div class=\"elementor-element elementor-element-4e6853e elementor-widget elementor-widget-text-editor\" data-id=\"4e6853e\" data-element_type=\"widget\" data-widget_type=\"text-editor.default\">\n\t\t\t\t\t\t\t\t\t<p><span id=\"result_box\" class=\"short_text\" lang=\"en\" tabindex=\"-1\"><span class=\"\">Centralized network<\/span><\/span><\/p>\t\t\t\t\t\t\t\t<\/div>\n\t\t\t\t\t<\/div>\n\t\t<\/div>\n\t\t\t\t<div class=\"elementor-column elementor-col-33 elementor-inner-column elementor-element elementor-element-4cc425b\" data-id=\"4cc425b\" data-element_type=\"column\">\n\t\t\t<div class=\"elementor-widget-wrap elementor-element-populated\">\n\t\t\t\t\t\t<div class=\"elementor-element elementor-element-65673d3 elementor-widget elementor-widget-image\" data-id=\"65673d3\" data-element_type=\"widget\" data-widget_type=\"image.default\">\n\t\t\t\t\t\t\t\t\t\t\t\t\t\t\t<img decoding=\"async\" width=\"980\" height=\"861\" src=\"https:\/\/asociatiablockchain.ro\/wp-content\/uploads\/2018\/05\/Asset-4.png\" class=\"attachment-large size-large wp-image-1822\" alt=\"\" srcset=\"https:\/\/asociatiablockchain.ro\/wp-content\/uploads\/2018\/05\/Asset-4.png 1000w, https:\/\/asociatiablockchain.ro\/wp-content\/uploads\/2018\/05\/Asset-4-300x264.png 300w, https:\/\/asociatiablockchain.ro\/wp-content\/uploads\/2018\/05\/Asset-4-768x675.png 768w\" sizes=\"(max-width: 980px) 100vw, 980px\" \/>\t\t\t\t\t\t\t\t\t\t\t\t\t\t\t<\/div>\n\t\t\t\t<div class=\"elementor-element elementor-element-857eb5d elementor-widget elementor-widget-text-editor\" data-id=\"857eb5d\" data-element_type=\"widget\" data-widget_type=\"text-editor.default\">\n\t\t\t\t\t\t\t\t\t<p><span id=\"result_box\" class=\"short_text\" lang=\"en\" tabindex=\"-1\"><span class=\"\">Decentralized network<\/span><\/span><\/p>\t\t\t\t\t\t\t\t<\/div>\n\t\t\t\t\t<\/div>\n\t\t<\/div>\n\t\t\t\t<div class=\"elementor-column elementor-col-33 elementor-inner-column elementor-element elementor-element-b1540d0\" data-id=\"b1540d0\" data-element_type=\"column\">\n\t\t\t<div class=\"elementor-widget-wrap elementor-element-populated\">\n\t\t\t\t\t\t<div class=\"elementor-element elementor-element-4115b69 elementor-widget elementor-widget-image\" data-id=\"4115b69\" data-element_type=\"widget\" data-widget_type=\"image.default\">\n\t\t\t\t\t\t\t\t\t\t\t\t\t\t\t<img decoding=\"async\" width=\"980\" height=\"850\" src=\"https:\/\/asociatiablockchain.ro\/wp-content\/uploads\/2018\/05\/Asset-5.png\" class=\"attachment-large size-large wp-image-1824\" alt=\"\" srcset=\"https:\/\/asociatiablockchain.ro\/wp-content\/uploads\/2018\/05\/Asset-5.png 1000w, https:\/\/asociatiablockchain.ro\/wp-content\/uploads\/2018\/05\/Asset-5-300x260.png 300w, https:\/\/asociatiablockchain.ro\/wp-content\/uploads\/2018\/05\/Asset-5-768x666.png 768w\" sizes=\"(max-width: 980px) 100vw, 980px\" \/>\t\t\t\t\t\t\t\t\t\t\t\t\t\t\t<\/div>\n\t\t\t\t<div class=\"elementor-element elementor-element-d2c0b9f elementor-widget elementor-widget-text-editor\" data-id=\"d2c0b9f\" data-element_type=\"widget\" data-widget_type=\"text-editor.default\">\n\t\t\t\t\t\t\t\t\t<p><span id=\"result_box\" class=\"short_text\" lang=\"en\" tabindex=\"-1\"><span class=\"\">Distributed network<\/span><\/span><\/p>\t\t\t\t\t\t\t\t<\/div>\n\t\t\t\t\t<\/div>\n\t\t<\/div>\n\t\t\t\t\t<\/div>\n\t\t<\/section>\n\t\t\t\t<div class=\"elementor-element elementor-element-0691cf5 elementor-widget elementor-widget-text-editor\" data-id=\"0691cf5\" data-element_type=\"widget\" data-widget_type=\"text-editor.default\">\n\t\t\t\t\t\t\t\t\t<p class=\"p1\"><span class=\"s1\"><span id=\"result_box\" class=\"\" lang=\"en\" tabindex=\"-1\"><span class=\"\">Each way of organizing has its advantages and vulnerabilities:<strong> centralized<\/strong> organization is the most effective in transmitting information, being direct, but it is precisely for this reason the most vulnerable to attacks, having only one point of failure.<\/span> <span class=\"\">A compromised member can be quarantined or excluded, but if the central member is compromised, the entire organization \/ network will be instantly affected and automatically disconnected from the rest of the network.<\/span><\/span><\/span><\/p>\t\t\t\t\t\t\t\t<\/div>\n\t\t\t\t<div class=\"elementor-element elementor-element-5678bcb elementor-widget elementor-widget-text-editor\" data-id=\"5678bcb\" data-element_type=\"widget\" data-widget_type=\"text-editor.default\">\n\t\t\t\t\t\t\t\t\t<p class=\"p1\"><span class=\"s1\"><span id=\"result_box\" class=\"\" lang=\"en\" tabindex=\"-1\"><strong>Distributed<\/strong> organization is the most resistant to network attacks and corruption, any compromised point having no effect on the network \/ organization than other individual members. However, the speed of transmission and verification of information is the slowest, each member having to check all other members to ensure consensus.<\/span><\/span><\/p>\t\t\t\t\t\t\t\t<\/div>\n\t\t\t\t<div class=\"elementor-element elementor-element-cfd4c28 elementor-widget elementor-widget-text-editor\" data-id=\"cfd4c28\" data-element_type=\"widget\" data-widget_type=\"text-editor.default\">\n\t\t\t\t\t\t\t\t\t<p class=\"p1\"><span class=\"s1\"><span id=\"result_box\" class=\"\" lang=\"en\" tabindex=\"-1\"><strong>Decentralized<\/strong> organization where each member connects to a <strong>network node<\/strong>, synchronizing them, combining both the resistances to attacks and the efficiency of network information transmission with synchronization between network nodes. The compromised nodes will be excluded from the rest of the network, affecting only the members connected to them. <span class=\"\">Affected members have the freedom to separate and reconnect to another node that has not been corrupted.<\/span><\/span><\/span><\/p>\t\t\t\t\t\t\t\t<\/div>\n\t\t\t\t\t<\/div>\n\t\t<\/div>\n\t\t\t\t\t<\/div>\n\t\t<\/section>\n\t\t\t\t<section class=\"elementor-section elementor-top-section elementor-element elementor-element-e17eb74 elementor-section-boxed elementor-section-height-default elementor-section-height-default\" data-id=\"e17eb74\" data-element_type=\"section\" id=\"problema\" data-settings=\"{&quot;background_background&quot;:&quot;classic&quot;}\">\n\t\t\t\t\t\t<div class=\"elementor-container elementor-column-gap-default\">\n\t\t\t\t\t<div class=\"elementor-column elementor-col-100 elementor-top-column elementor-element elementor-element-2414d4a\" data-id=\"2414d4a\" data-element_type=\"column\" data-settings=\"{&quot;background_background&quot;:&quot;classic&quot;}\">\n\t\t\t<div class=\"elementor-widget-wrap elementor-element-populated\">\n\t\t\t\t\t\t<div class=\"elementor-element elementor-element-4a90549 elementor-widget elementor-widget-heading\" data-id=\"4a90549\" data-element_type=\"widget\" data-widget_type=\"heading.default\">\n\t\t\t\t\t<h2 class=\"elementor-heading-title elementor-size-default\">Byzantine General - consensus without central authority<\/h2>\t\t\t\t<\/div>\n\t\t\t\t<div class=\"elementor-element elementor-element-9357bdd elementor-widget elementor-widget-text-editor\" data-id=\"9357bdd\" data-element_type=\"widget\" data-widget_type=\"text-editor.default\">\n\t\t\t\t\t\t\t\t\t<p><span id=\"result_box\" class=\"\" lang=\"en\" tabindex=\"-1\">Suppose you are a general who wants to conquer a castle. <span class=\"\">If you suddenly attack it with your allies and surround it, you can conquer it.<\/span> Otherwise you will be overcome. How do you make sure all your allies:<br \/>&#8211; received the message to attack simultaneously<br \/><span class=\"\">&#8211; You have all arrived to a consensus to act (attack)<\/span><br \/>&#8211; You removed all the spies sent find out about the attack<br \/><span class=\"\">&#8211; You have excluded traitors or compromising generals that could break your plan<\/span><br \/><span class=\"\">&#8211; You can not give orders to the other allies who have the same rank as you and do not recognize your authority over them (without any central authority)?<br \/><\/span><\/span><span class=\"\">This is a mathematical problem proposed in 1975, considered unresolved until Blockchain technology proved to be its solution.<\/span><\/p><p><span id=\"result_box\" class=\"\" lang=\"en\" tabindex=\"-1\"><span class=\"\">&#8211; real-time sync between &#8220;nodes&#8221; ensures that the entire network has the current information<\/span><br \/><span class=\"\">&#8211; consensus is reached by miners checking transactions, competing against time between them, including checking previous transactions<\/span><br \/><span class=\"\">&#8211; Private key cryptography ensures that only their owner can sign transactions and messages, transfer values to blockchain<\/span><br \/><span class=\"\">&#8211; Network nodes and &#8220;miners&#8221; who do not &#8220;play&#8221; according to pre-established rules will automatically be excluded from the main blockchain, competition between them to reward &#8220;mining&#8221; motivating them to remain fair, being checked by the rest of the miners.<\/span><br \/><span class=\"\">&#8211; on blockchain everyone has the same rights to move freely, to vote, to join or to separate from the rest of the network, the interest of everyone being to remain on the blockchain on which most of the participants are.)<\/span><\/span><\/p>\t\t\t\t\t\t\t\t<\/div>\n\t\t\t\t\t<\/div>\n\t\t<\/div>\n\t\t\t\t\t<\/div>\n\t\t<\/section>\n\t\t\t\t<section class=\"elementor-section elementor-top-section elementor-element elementor-element-93d0286 elementor-section-boxed elementor-section-height-default elementor-section-height-default\" data-id=\"93d0286\" data-element_type=\"section\" id=\"aplicatii\" data-settings=\"{&quot;background_background&quot;:&quot;classic&quot;}\">\n\t\t\t\t\t\t<div class=\"elementor-container elementor-column-gap-default\">\n\t\t\t\t\t<div class=\"elementor-column elementor-col-100 elementor-top-column elementor-element elementor-element-673b944\" data-id=\"673b944\" data-element_type=\"column\" data-settings=\"{&quot;background_background&quot;:&quot;classic&quot;}\">\n\t\t\t<div class=\"elementor-widget-wrap elementor-element-populated\">\n\t\t\t\t\t\t<div class=\"elementor-element elementor-element-476ccd9 elementor-widget elementor-widget-heading\" data-id=\"476ccd9\" data-element_type=\"widget\" data-widget_type=\"heading.default\">\n\t\t\t\t\t<h2 class=\"elementor-heading-title elementor-size-default\">What are the uses for Blockchain?<\/h2>\t\t\t\t<\/div>\n\t\t\t\t<div class=\"elementor-element elementor-element-03de7e0 elementor-widget elementor-widget-text-editor\" data-id=\"03de7e0\" data-element_type=\"widget\" data-widget_type=\"text-editor.default\">\n\t\t\t\t\t\t\t\t\t<ul><li><span id=\"result_box\" class=\"\" lang=\"en\" tabindex=\"-1\"><span title=\"Identitate \u0219i cet\u0103\u021benie digital\u0103\n\u00a0\u00a0\u00a0\u00a0\">Digital identity and citizenship<\/span><\/span><br \/><span id=\"result_box\" class=\"\" lang=\"en\" tabindex=\"-1\"><span title=\"Aplica\u021bie practic\u0103: Persoane: Civic, Onename (onename.com);\">Practical applications<\/span><\/span>: Individuals: Civic, Onename (onename.com); Companies, organizations: Aragon<\/li><li>Documents, <span id=\"result_box\" class=\"\" lang=\"en\" tabindex=\"-1\"><span title=\"Acte, diplome, certificate\n\u00a0\u00a0\u00a0\u00a0\">diplomas, certificates<\/span><\/span><\/li><li>Smart contracts: <span id=\"result_box\" class=\"\" lang=\"en\" tabindex=\"-1\"><span title=\"Contracte inteligente: programe simple programate s\u0103 se auto- execute\n\u00a0\u00a0\u00a0\u00a0\">simple programs scheduled to run automatically<\/span><\/span> on the blockchain<\/li><li><span id=\"result_box\" class=\"\" lang=\"en\" tabindex=\"-1\"><span title=\"Aplica\u021bie practic\u0103: Persoane: Civic, Onename (onename.com);\">Practical applications<\/span><\/span>: Ethereum, Waves, Neo, Lisk, Rootstock<\/li><li><span id=\"result_box\" class=\"\" lang=\"en\" tabindex=\"-1\"><span title=\"Securizare: prin structura descentralizat\u0103 \u0219i un mecanismul propulsat de consens\n\u00a0\u00a0\u00a0\u00a0\">Security: through the decentralized structure and a mechanism driven by consensus<\/span><\/span><\/li><li><span id=\"result_box\" class=\"\" lang=\"en\" tabindex=\"-1\"><span title=\"Vot \u0219i guvern\u0103m\u00e2nt digital, privat:\n\u00a0\u00a0\u00a0\u00a0\">Private governance and digital voting<\/span><\/span><\/li><li><span id=\"result_box\" class=\"\" lang=\"en\" tabindex=\"-1\"><span title=\"Pseudo-anonimitate pe baz\u0103 de reputa\u021bie\n\n\">Reputation based pseudo-anonymity<\/span><\/span><\/li><\/ul><p><b>Aplica\u021bie practic\u0103:<\/b><\/p><ul><li><span id=\"result_box\" class=\"\" lang=\"en\" tabindex=\"-1\"><span title=\"Propriet\u0103\u021bi fizice unice \u00eenregistrate pe blockchain:\n\u00a0\u00a0\u00a0\u00a0\">Unique physical properties recorded on the blockchain<\/span><\/span>:<br \/><span id=\"result_box\" class=\"\" lang=\"en\" tabindex=\"-1\"><span title=\"Aplica\u021bie practic\u0103: Persoane: Civic, Onename (onename.com);\">Practical applications<\/span><\/span>: art (Verisart), <span id=\"result_box\" class=\"\" lang=\"en\" tabindex=\"-1\"><span title=\"Aplica\u021bie practic\u0103: art\u0103 (Verisart), miere \u0219i stupi (Apis)\n\u00a0\u00a0\u00a0\u00a0\">honey and hives<\/span><\/span> (Apis)<\/li><li><span id=\"result_box\" class=\"\" lang=\"en\" tabindex=\"-1\"><span title=\"Magazin online descentralizat:\n\u00a0\u00a0\u00a0\u00a0\">Decentralized Online Shop<\/span><\/span>: <span id=\"result_box\" class=\"\" lang=\"en\" tabindex=\"-1\"><span title=\"Aplica\u021bie practic\u0103: Persoane: Civic, Onename (onename.com);\">Practical applications<\/span><\/span>: Openbazaar<\/li><li><span id=\"result_box\" class=\"\" lang=\"en\" tabindex=\"-1\"><span title=\"Notariat descentralizat:\n\u00a0\u00a0\u00a0\u00a0\">Decentralized notary<\/span><\/span><\/li><li><span id=\"result_box\" class=\"\" lang=\"en\" tabindex=\"-1\"><span title=\"\u00cenregistrarea \u0219i urm\u0103rirea eficient\u0103 a transporturilor de bunuri fizice \u00een timp real\n\u00a0\u00a0\u00a0\u00a0\">Recording and track real-time physical goods shipments<\/span><\/span><br \/><span id=\"result_box\" class=\"\" lang=\"en\" tabindex=\"-1\"><span title=\"Aplica\u021bie practic\u0103: Persoane: Civic, Onename (onename.com);\">Practical applications<\/span><\/span>: <span id=\"result_box\" class=\"\" lang=\"en\" tabindex=\"-1\"><span title=\"Aplica\u021bie practic\u0103: Urm\u0103rirea transferului de m\u0103rfuri (BitNautic)\n\u00a0\u00a0\u00a0\u00a0\">Tracking phisical goods and rransfers<\/span><\/span> (BitNautic)<\/li><li><span id=\"result_box\" class=\"\" lang=\"en\" tabindex=\"-1\"><span title=\"Valorificarea resurselor informatice neutilizate\n\u00a0\u00a0\u00a0\u00a0\">Utilization of unused computer resources<\/span><\/span><br \/>P<span id=\"result_box\" class=\"\" lang=\"en\" tabindex=\"-1\"><span title=\"Aplica\u021bie practic\u0103: Persoane: Civic, Onename (onename.com);\">ractical applications<\/span><\/span>: <span id=\"result_box\" class=\"\" lang=\"en\" tabindex=\"-1\"><span title=\"Aplica\u021bie practic\u0103: G\u0103zduire criptat\u0103, redundant\u0103 pe blockchain (Sia, Filecoin, Stroj), Putere de procesare \u0219i inteligen\u021b\u0103 artificial\u0103 (Golem, Augur)\">Encrypted hosting and redundancy on blockchain<\/span><\/span> (Sia, Filecoin, Stroj), <span id=\"result_box\" class=\"\" lang=\"en\" tabindex=\"-1\"><span title=\"Aplica\u021bie practic\u0103: G\u0103zduire criptat\u0103, redundant\u0103 pe blockchain (Sia, Filecoin, Stroj), Putere de procesare \u0219i inteligen\u021b\u0103 artificial\u0103 (Golem, Augur)\">Processing Power and Artificial Intelligence<\/span><\/span> (Golem, Augur)<\/li><\/ul>\t\t\t\t\t\t\t\t<\/div>\n\t\t\t\t\t<\/div>\n\t\t<\/div>\n\t\t\t\t\t<\/div>\n\t\t<\/section>\n\t\t\t\t<\/div>\n\t\t","protected":false},"excerpt":{"rendered":"<p>Tutorials, instructions, technical terms There are 3 types of network or group structures: centralized &#8211; decentralized &#8211; distributed Centralized network Decentralized network Distributed network Each way of organizing has its advantages and vulnerabilities: centralized organization is the most effective in transmitting information, being direct, but it is precisely for this reason the most vulnerable to [&hellip;]<\/p>\n","protected":false},"author":1,"featured_media":0,"parent":0,"menu_order":0,"comment_status":"closed","ping_status":"closed","template":"","meta":{"site-sidebar-layout":"default","site-content-layout":"","ast-site-content-layout":"","site-content-style":"default","site-sidebar-style":"default","ast-global-header-display":"","ast-banner-title-visibility":"","ast-main-header-display":"","ast-hfb-above-header-display":"","ast-hfb-below-header-display":"","ast-hfb-mobile-header-display":"","site-post-title":"","ast-breadcrumbs-content":"","ast-featured-img":"","footer-sml-layout":"","theme-transparent-header-meta":"","adv-header-id-meta":"","stick-header-meta":"","header-above-stick-meta":"","header-main-stick-meta":"","header-below-stick-meta":"","astra-migrate-meta-layouts":"default","ast-page-background-enabled":"default","ast-page-background-meta":{"desktop":{"background-color":"var(--ast-global-color-4)","background-image":"","background-repeat":"repeat","background-position":"center center","background-size":"auto","background-attachment":"scroll","background-type":"","background-media":"","overlay-type":"","overlay-color":"","overlay-opacity":"","overlay-gradient":""},"tablet":{"background-color":"","background-image":"","background-repeat":"repeat","background-position":"center center","background-size":"auto","background-attachment":"scroll","background-type":"","background-media":"","overlay-type":"","overlay-color":"","overlay-opacity":"","overlay-gradient":""},"mobile":{"background-color":"","background-image":"","background-repeat":"repeat","background-position":"center center","background-size":"auto","background-attachment":"scroll","background-type":"","background-media":"","overlay-type":"","overlay-color":"","overlay-opacity":"","overlay-gradient":""}},"ast-content-background-meta":{"desktop":{"background-color":"var(--ast-global-color-5)","background-image":"","background-repeat":"repeat","background-position":"center center","background-size":"auto","background-attachment":"scroll","background-type":"","background-media":"","overlay-type":"","overlay-color":"","overlay-opacity":"","overlay-gradient":""},"tablet":{"background-color":"var(--ast-global-color-5)","background-image":"","background-repeat":"repeat","background-position":"center center","background-size":"auto","background-attachment":"scroll","background-type":"","background-media":"","overlay-type":"","overlay-color":"","overlay-opacity":"","overlay-gradient":""},"mobile":{"background-color":"var(--ast-global-color-5)","background-image":"","background-repeat":"repeat","background-position":"center center","background-size":"auto","background-attachment":"scroll","background-type":"","background-media":"","overlay-type":"","overlay-color":"","overlay-opacity":"","overlay-gradient":""}},"footnotes":""},"class_list":["post-1481","page","type-page","status-publish","hentry"],"_links":{"self":[{"href":"https:\/\/asociatiablockchain.ro\/en\/wp-json\/wp\/v2\/pages\/1481","targetHints":{"allow":["GET"]}}],"collection":[{"href":"https:\/\/asociatiablockchain.ro\/en\/wp-json\/wp\/v2\/pages"}],"about":[{"href":"https:\/\/asociatiablockchain.ro\/en\/wp-json\/wp\/v2\/types\/page"}],"author":[{"embeddable":true,"href":"https:\/\/asociatiablockchain.ro\/en\/wp-json\/wp\/v2\/users\/1"}],"replies":[{"embeddable":true,"href":"https:\/\/asociatiablockchain.ro\/en\/wp-json\/wp\/v2\/comments?post=1481"}],"version-history":[{"count":0,"href":"https:\/\/asociatiablockchain.ro\/en\/wp-json\/wp\/v2\/pages\/1481\/revisions"}],"wp:attachment":[{"href":"https:\/\/asociatiablockchain.ro\/en\/wp-json\/wp\/v2\/media?parent=1481"}],"curies":[{"name":"wp","href":"https:\/\/api.w.org\/{rel}","templated":true}]}}